{"id":94,"date":"2022-02-14T15:42:51","date_gmt":"2022-02-14T14:42:51","guid":{"rendered":"https:\/\/genleg.crea.gov.it\/?page_id=94"},"modified":"2024-04-19T15:00:45","modified_gmt":"2024-04-19T13:00:45","slug":"publications","status":"publish","type":"page","link":"https:\/\/genleg.crea.gov.it\/index.php\/publications\/","title":{"rendered":"Publications"},"content":{"rendered":"\n<h2 class=\"wp-block-heading\" id=\"project-publications\">Project publications<\/h2>\n\n\n\n<p>Nazzicari, N., Franguelli, N., Ferrari, B., Pecetti, L., &amp; Annicchiarico, P. (2024). The Effect of Genome Parametrization and SNP Marker Subsetting on Genomic Selection in Autotetraploid Alfalfa. <em>Genes<\/em>, <em>15<\/em>(4), 449. (<a href=\"https:\/\/doi.org\/10.3390\/genes15040449\">doi: 10.3390\/genes15040449<\/a>)<\/p>\n\n\n\n<p>Crosta, M., Romani, M., Nazzicari, N., Ferrari, B., Annicchiarico, P. (2023). Genomic prediction and allele mining of agronomic and morphological traits in pea (<em>Pisum sativum<\/em>) germplasm collections. <em>Frontiers in Plant Science<\/em>, 14: 1320506 (<a href=\"https:\/\/genleg.crea.gov.it\/wp-content\/uploads\/2024\/01\/PAPER-2023-12-Genomic-prediction-and-allele-mining-of-agronomic-and-morphophysiological-traits-in-pea-germplasm-collections.pdf\">local copy<\/a>) (<a href=\"https:\/\/doi.org\/10.3389\/fpls.2023.1320506\">doi: 10.3389\/fpls.2023.1320506<\/a>)<\/p>\n\n\n\n<p>Andrijani\u0107, Z., Nazzicari, N., \u0160ar\u010devi\u0107, H., Sudari\u0107, A., Annicchiarico, P., &amp; Peji\u0107, I. (2023). Genetic Diversity and Population Structure of European Soybean Germplasm Revealed by Single Nucleotide Polymorphism. <em>Plants<\/em>, <em>12<\/em>(9), 1837 (<a href=\"https:\/\/genleg.crea.gov.it\/wp-content\/uploads\/2023\/11\/PAPER-2023-04-Genetic-Diversity-and-Population-Structure-of-European-Soybean-Germplasm-Revealed-by-Single-Nucleotide-Polymorphism-.pdf\" data-type=\"URL\" data-id=\"https:\/\/genleg.crea.gov.it\/wp-content\/uploads\/2023\/11\/PAPER-2023-04-Genetic-Diversity-and-Population-Structure-of-European-Soybean-Germplasm-Revealed-by-Single-Nucleotide-Polymorphism-.pdf\">local copy<\/a>) (<a href=\"https:\/\/doi.org\/10.3390\/plants12091837\">doi: 10.3390\/plants12091837<\/a>)<\/p>\n\n\n\n<p>Cavalli, D., M. Crosta, V. Ergo, L. Pecetti, T. Notario, P. Annicchiarico (2023). Adaptation of European cultivars to severe drought and moisture-favourable conditions. Presented at the WSRC 11, 18-23 June 2023, Vienna, Austria. (<a href=\"https:\/\/genleg.crea.gov.it\/wp-content\/uploads\/2023\/10\/a5b7f906-997d-4fdb-b778-542804a706be.pdf\">local copy<\/a>) (<a href=\"https:\/\/www.legumehub.eu\/general\/world-soybean-research-conference-wsrc11\/\">conference book of abstracts<\/a>)<\/p>\n\n\n\n<p>Crosta, M., N. Nazzicari, B. Ferrari, L. Pecetti, T. Notario, G. Cabassi, P. Annicchiarico (2023). Genomic selection for pea grain yield and protein content: predictive ability for independent Italian environments and for target and non-target genetic bases. Presented at the Fourth International Legume Conference, 19-22 September, Granada, Spain (<a href=\"https:\/\/genleg.crea.gov.it\/wp-content\/uploads\/2023\/10\/CONF-ABSTR-2023-09-GENOMIC-SELECTION-FOR-PEA-GRAIN-YIELD-AND-PROTEIN-CONTENT-PREDICTIVE-ABILITY-FOR-INDEPENDENT-ITALIAN-ENVIRONMENTS-AND-FOR-TARGET-AND-NON-TARGET-GENETIC-BASES.pdf\">local copy<\/a>) (<a href=\"https:\/\/www.legumesociety.org\/2019\/11\/27\/ils-conference-4-granada-2022\/\">conference book of abstracts<\/a>)<\/p>\n\n\n\n<p>Nazzicari N., L. Pecetti, N. Franguelli, B. Ferrari, P. Annicchiarico (2023) Genomic selection for alfalfa: the challenge of the autotetraploid genome. Presented at the Fourth International Legume Conference, 19-22 September, Granada, Spain (<a href=\"https:\/\/genleg.crea.gov.it\/wp-content\/uploads\/2023\/10\/CONF-ABSTR-2023-09-GENOMIC-SELECTION-FOR-ALFALFA-THE-CHALLENGE-OF-THE-AUTOTETRAPLOID-GENOME.pdf\">local copy<\/a>) (<a href=\"https:\/\/www.legumesociety.org\/2019\/11\/27\/ils-conference-4-granada-2022\/\">conference book of abstracts<\/a>)<\/p>\n\n\n\n<p>Pecetti, L., D. Cavalli, M. Crosta, N. Nazzicari, P. Annicchiarico, I. Pejic, T. Notario (2023). Genetic variation for drought tolerance in soybean and selection opportunities. Presented at the Fourth International Legume Conference, 19-22 September, Granada, Spain (<a href=\"https:\/\/genleg.crea.gov.it\/wp-content\/uploads\/2023\/10\/CONF-ABSTR-2023-09-GENETIC-VARIATION-FOR-DROUGHT-TOLERANCE-IN-SOYBEAN-AND-SELECTION-OPPORTUNITIES.pdf\">local copy<\/a>) (<a href=\"https:\/\/www.legumesociety.org\/2019\/11\/27\/ils-conference-4-granada-2022\/\">conference book of abstracts<\/a>)<\/p>\n\n\n\n<p>Annicchiarico, P., M. Laouar, I. Thami-Alami, L. Pecetti, L. Russi (2023). Bulk selection and evolutionary populations as low-cost breeding strategies to cope with increasing climate variation: a formal assessment for pea in different target regions. Presented at the Fourth International Legume Conference, 19-22 September, Granada, Spain (<a href=\"https:\/\/genleg.crea.gov.it\/wp-content\/uploads\/2023\/10\/CONF-ABSTR-2023-09-BULK-SELECTION-AND-EVOLUTIONARY-POPULATIONS-AS-LOW-COST-BREEDING-STRATEGIES-TO-COPE-WITH-INCREASING-CLIMATE-VARIATION-A-FORMAL-ASSESSMENT-FOR-PEA-IN-DIFFERENT-TARGET-REGIONS.pdf\">local copy<\/a>) (<a href=\"https:\/\/www.legumesociety.org\/2019\/11\/27\/ils-conference-4-granada-2022\/\">conference book of abstracts<\/a>)<\/p>\n\n\n\n<p>Pecetti, L., N. Nazzicari, N. Franguelli, E.C. Brummer, P. Annicchiarico (2023). Development and proof-of-concept application of genome-enabled selection for alfalfa biomass yield in Northern Italy: preliminary results. Presented at the 35th EUCARPIA Fodder Crops and Amenity Grasses Section Conference, Sep 10-14 2023, Brno, Czechia (<a href=\"https:\/\/genleg.crea.gov.it\/wp-content\/uploads\/2023\/10\/Pecetti_et_al_EUCARPIA.pdf\">local copy<\/a>) (<a href=\"https:\/\/genleg.crea.gov.it\/wp-content\/uploads\/2023\/10\/Cover_Proceedings_35th_EUCARPIA_FCAG_Meeting.pdf\">conference proceedings cover<\/a>)<\/p>\n\n\n\n<p>Crosta, M., N. Nazzicari, B. Ferrari, L. Pecetti, L. Russi, M. Romani, G. Cabassi, D. Cavalli, A. Marocco, P. Annicchiarico (2022). Pea grain protein content across Italian environments: genetic relationship with grain yield, and opportunities for genome-enabled selection for protein yield. Frontiers in Plant Science 12, 718713 (<a href=\"https:\/\/doi.org\/10.3389\/fpls.2021.718713\">doi: 10.3389\/fpls.2021.718713<\/a>) (<a href=\"https:\/\/genleg.crea.gov.it\/wp-content\/uploads\/2022\/02\/pea-grain-protein_fpls-12-718713.pdf\">local pdf copy<\/a>)<\/p>\n\n\n\n<p>Rubiales, D., P. Annicchiarico, M.C. Vaz Patto, B. Julier (2021). Legume breeding for the agroecological transition of global agri-food systems: an European perspective. Frontiers in Plant Science. Frontiers in Plant Science 12, 782574 (<a href=\"http:\/\/doi.org\/10.3389\/fpls.2021.782574\">doi: 10.3389\/fpls.2021.782574<\/a>) (<a href=\"https:\/\/genleg.crea.gov.it\/wp-content\/uploads\/2022\/02\/legume-breeding_fpls-12-782574.pdf\">local pdf copy<\/a>)<\/p>\n\n\n\n<h2 class=\"wp-block-heading\" id=\"related-publications\">Related publications<\/h2>\n\n\n\n<ul class=\"wp-block-list\"><li>Annicchiarico, P., L. Russi, M. Romani, T. Notario, L. Pecetti (2023). Value of heterogeneous material and bulk breeding for inbred crops: a pea case study. Field Crops Research 293, 108831. (<a href=\"https:\/\/doi.org\/10.1016\/j.fcr.2023.108831\">https:\/\/doi.org\/10.1016\/j.fcr.2023.108831<\/a>)<\/li><li>Kang, Y., A. Seminario, M. Udvardi, P. Annicchiarico (2023). Physiological and biochemical adaptive traits support the specific breeding of alfalfa (Medicago sativa) for severely drought-stressed or moisture-favourable environments. Journal of Agronomy and Crop Science 209, 132-143. (<a href=\"https:\/\/doi.org\/10.1111\/jac.12600\">https:\/\/doi.org\/10.1111\/jac.12600<\/a>)<\/li><li>Annicchiarico, P., N. Nazzicari, A. Bouizgaren, T. Hayek, M. Laouar, M. Cornacchione, D. Basigalup, C. Monterrubio Martin, E.C. Brummer, L. Pecetti (2022). Alfalfa genomic selection for different stress-prone growing regions. The Plant Genome 16, e20264. (<a href=\"https:\/\/doi.org\/10.1002\/tpg2.20264\">https:\/\/doi.org\/10.1002\/tpg2.20264<\/a>) (<a href=\"https:\/\/genleg.crea.gov.it\/wp-content\/uploads\/2023\/04\/The-Plant-Genome-2022-Annicchiarico-Alfalfa-genomic-selection-for-different-stress\u2010prone-growing-regions.pdf\">local pdf copy<\/a>)<\/li><li>Annicchiarico, P., L. Pecetti (2022). Exploiting heterosis of semi-hybrids and heterogeneity of cultivar mixtures to enhance alfalfa crop performance. Field Crops Research 283, 108522. (<a href=\"https:\/\/doi.org\/10.1016\/j.fcr.2022.108522\">https:\/\/doi.org\/10.1016\/j.fcr.2022.108522<\/a>)<\/li><li>Pavan, S., C. Delvento, N. Nazzicari, B. Ferrari, N. D\u2019Agostino, F. Taranto, C. Lotti, L. Ricciardi, P. Annicchiarico (2022). Genotyping-by-sequencing data from two ex situ core collections provide insights on the pea domestication history. Horticulture Research 9, uhab062. (<a href=\"https:\/\/doi.org\/10.1093\/hr\/uhab062\">https:\/\/doi.org\/10.1093\/hr\/uhab062<\/a>) (<a href=\"https:\/\/genleg.crea.gov.it\/wp-content\/uploads\/2023\/04\/HortRes-2022-Merging-genotyping-by-sequencing-data-from-two-ex-situ-collections-provides-insights-on-the-pea-evolutionary-history.pdf\">local pdf copy<\/a>)<\/li><li>Annicchiarico, P., B. Barrett, E.C. Brummer, B. Julier, A.H. Marshall (2015). Achievements and challenges in&nbsp;improving temperate perennial forage legumes. Critical Reviews in Plant Sciences 34, 327-380 (<a href=\"http:\/\/doi.org\/10.1080\/07352689.2014.898462\">doi: 10.1080\/07352689.2014.898462<\/a>) (<a href=\"https:\/\/genleg.crea.gov.it\/wp-content\/uploads\/2022\/02\/Achievements-and-Challenges_CRPS_2015_temperate-forages.pdf\">local pdf copy<\/a>)<\/li><li>Annicchiarico, P., N. Nazzicari, X. Li, Y. Wei, L. Pecetti, E.C. Brummer (2015). Accuracy of genomic selection for alfalfa biomass yield in different reference populations. BMC Genomics 16, 1020 (<a href=\"http:\/\/doi.org\/10.1186\/s12864-015-2212-y\">doi: 10.1186\/s12864-015-2212-y<\/a>) (<a href=\"https:\/\/genleg.crea.gov.it\/wp-content\/uploads\/2022\/02\/Accuracy-of-genomic-alfalfa-BMC-2015_s12864-015-2212-y.pdf\">local pdf copy<\/a>)<\/li><li>Annicchiarico, P. (2016). Il futuro vede un rilancio per le leguminose. L\u2019Informatore Agrario 72(38), 46-48 (<a href=\"https:\/\/genleg.crea.gov.it\/wp-content\/uploads\/2022\/02\/Il-futuro-vede_infpro16.pdf\">local pdf copy<\/a>)<\/li><li>Pecetti, L., P. Annicchiarico, C. Scotti, M. Paolini, V. Nanni, A. Palmonari (2017). Effects of plant architecture and drought stress level on lucerne forage quality. Grass and Forage Science 72, 714-722 (<a rel=\"noreferrer noopener\" href=\"http:\/\/dx.doi.org\/10.1111\/gfs.12272\" target=\"_blank\">doi: 10.1111\/gfs.12272<\/a>) (<a href=\"https:\/\/genleg.crea.gov.it\/wp-content\/uploads\/2022\/02\/Effects-of-plant_Grass-and-Forage-Science-2016-Pecetti-Effects-of-plant-architecture-and-drought-stress-level-on-lucerne-forage.pdf\">local pdf copy<\/a>)<\/li><li>Biazzi, E., N. Nazzicari, L. Pecetti, E.C. Brummer, A. Palmonari, A. Tava, P. Annicchiarico (2017). Genome-wide association mapping and genomic selection for alfalfa (<em>Medicago sativa<\/em>) forage quality traits. PLoS ONE 12, e0169234 (<a href=\"https:\/\/doi.org\/10.1371\/journal.pone.0169234\">doi: 10.1371\/journal.pone.0169234<\/a>) (<a href=\"https:\/\/genleg.crea.gov.it\/wp-content\/uploads\/2022\/02\/Genome-Wide Association Mapping_GWAS_alfalfa_quality_PlosOne_2017.pdf\">local pdf copy<\/a>)<\/li><li>Annicchiarico, P., N. Nazzicari, L. Pecetti, M. Romani, B. Ferrari, Y. Wei, E.C. Brummer (2017). GBS-based genomic selection for pea grain yield under severe terminal drought. The Plant Genome 10, 2 (<a href=\"http:\/\/doi.org\/10.3835\/plantgenome2016.07.0072\">doi: 10.3835\/plantgenome2016.07.0072<\/a>) (<a href=\"https:\/\/genleg.crea.gov.it\/wp-content\/uploads\/2022\/02\/GBS-Based-Genomic-Selection-for-Pea-Grain-Yield_PlantGenome-2017-pea-GS.pdf\">local pdf copy<\/a>)<\/li><li>Annicchiarico, P. (2017). Feed legumes for truly sustainable crop-animal systems. Italian Journal of Agronomy 12, 880 (<a href=\"http:\/\/doi.org\/10.4081\/ija.2017.880\">doi: 10.4081\/ija.2017.880<\/a>) (<a href=\"https:\/\/genleg.crea.gov.it\/wp-content\/uploads\/2022\/02\/Feed-legumes-for_IJA_2017_880-7484.pdf\">local pdf copy<\/a>)<\/li><li>Annicchiarico, P., N. Nazzicari, Y. Wei, L. Pecetti, E.C. Brummer (2017). Genotyping-by-sequencing and its exploitation for forage and cool-season grain legume breeding. Frontiers in Plant Science 8, 679 (<a href=\"http:\/\/doi.org\/10.3389\/fpls.2017.00679\">doi: 10.3389\/fpls.2017.00679<\/a>) (<a href=\"https:\/\/genleg.crea.gov.it\/wp-content\/uploads\/2022\/02\/Genotyping-by-Sequencing_fpls-08-00679.pdf\">local pdf copy<\/a>)<\/li><li>Annicchiarico, P., L. Russi, M. Romani, L. Pecetti, N. Nazzicari (2019). Farmer-participatory vs. conventional market-oriented breeding of inbred crops using phenotypic and genome-enabled approaches: a pea case study. Field Crops Research 232, 30-39 (<a href=\"http:\/\/doi.org\/10.1016\/j.fcr.2018.11.001\">doi: 10.1016\/j.fcr.2018.11.001<\/a>) (<a href=\"https:\/\/genleg.crea.gov.it\/wp-content\/uploads\/2022\/02\/Farmer-participatory-vs.-conventional_pea_PPB_FCR_2019.pdf\">local pdf copy<\/a>)<\/li><li>Annicchiarico, P., N. Nazzicari, L. Pecetti, M. Romani, L. Russi (2019). Pea genomic selection for Italian environments. BMC Genomics 20, 603 (<a href=\"http:\/\/doi.org\/10.1186\/s12864-019-5920-x\">doi: 10.1186\/s12864-019-5920-x<\/a>) (<a href=\"https:\/\/genleg.crea.gov.it\/wp-content\/uploads\/2022\/02\/Pea-genomic-selection_pea_GS_BMCGen_2019.pdf\">local pdf copy<\/a>)<\/li><li>Annicchiarico, P., N. Nazzicari, T. Notario, C. Monterrubio Martin, M. Romani, B. Ferrari, L. Pecetti (2021). Pea breeding for intercropping with cereals: variation for competitive ability and associated traits, and assessment of phenotypic and genomic selection strategies. Frontiers in Plant Science 12, 731949 (<a href=\"http:\/\/doi.org\/10.3389\/fpls.2021.731949\">doi: 10.3389\/fpls.2021.731949<\/a>) (<a href=\"https:\/\/genleg.crea.gov.it\/wp-content\/uploads\/2022\/02\/Pea-Breeding-for-Intercropping_pea_intercropping_fpls-12-731949.pdf\">local pdf copy<\/a>)<\/li><\/ul>\n\n\n\n<p><\/p>\n","protected":false},"excerpt":{"rendered":"<p>Project publications Nazzicari, N., Franguelli, N., Ferrari, B., Pecetti, L., &amp; Annicchiarico, P. (2024). The Effect of Genome Parametrization and SNP Marker Subsetting on Genomic Selection in Autotetraploid Alfalfa. Genes, 15(4), 449. (doi: 10.3390\/genes15040449) Crosta, M., Romani, M., Nazzicari, N., Ferrari, B., Annicchiarico, P. (2023). Genomic prediction and allele mining of agronomic and morphological traits [&hellip;]<\/p>\n","protected":false},"author":1,"featured_media":0,"parent":0,"menu_order":0,"comment_status":"closed","ping_status":"closed","template":"","meta":{"footnotes":""},"class_list":["post-94","page","type-page","status-publish","hentry"],"_links":{"self":[{"href":"https:\/\/genleg.crea.gov.it\/index.php\/wp-json\/wp\/v2\/pages\/94","targetHints":{"allow":["GET"]}}],"collection":[{"href":"https:\/\/genleg.crea.gov.it\/index.php\/wp-json\/wp\/v2\/pages"}],"about":[{"href":"https:\/\/genleg.crea.gov.it\/index.php\/wp-json\/wp\/v2\/types\/page"}],"author":[{"embeddable":true,"href":"https:\/\/genleg.crea.gov.it\/index.php\/wp-json\/wp\/v2\/users\/1"}],"replies":[{"embeddable":true,"href":"https:\/\/genleg.crea.gov.it\/index.php\/wp-json\/wp\/v2\/comments?post=94"}],"version-history":[{"count":23,"href":"https:\/\/genleg.crea.gov.it\/index.php\/wp-json\/wp\/v2\/pages\/94\/revisions"}],"predecessor-version":[{"id":268,"href":"https:\/\/genleg.crea.gov.it\/index.php\/wp-json\/wp\/v2\/pages\/94\/revisions\/268"}],"wp:attachment":[{"href":"https:\/\/genleg.crea.gov.it\/index.php\/wp-json\/wp\/v2\/media?parent=94"}],"curies":[{"name":"wp","href":"https:\/\/api.w.org\/{rel}","templated":true}]}}